{"id":4024,"date":"2020-11-24T19:44:57","date_gmt":"2020-11-24T18:44:57","guid":{"rendered":"https:\/\/earthtalentbybollore.com\/legal-notice\/"},"modified":"2020-12-09T15:58:44","modified_gmt":"2020-12-09T14:58:44","slug":"legal-notice","status":"publish","type":"page","link":"https:\/\/earthtalentbybollore.com\/en\/legal-notice\/","title":{"rendered":"Legal Notice"},"content":{"rendered":"<p>[et_pb_section fb_built=&#8221;1&#8243; _builder_version=&#8221;4.6.6&#8243; _module_preset=&#8221;default&#8221; custom_padding=&#8221;140px||90px|||&#8221;][et_pb_row _builder_version=&#8221;4.6.6&#8243; _module_preset=&#8221;default&#8221; custom_padding=&#8221;0px|||||&#8221;][et_pb_column type=&#8221;4_4&#8243; _builder_version=&#8221;4.6.6&#8243; _module_preset=&#8221;default&#8221;][et_pb_text _builder_version=&#8221;4.7.4&#8243; _module_preset=&#8221;default&#8221; text_font_size=&#8221;20px&#8221; header_font=&#8221;|700|||||||&#8221; header_text_align=&#8221;center&#8221; header_text_color=&#8221;#16133e&#8221; header_font_size=&#8221;56px&#8221; text_orientation=&#8221;center&#8221; text_font_size_tablet=&#8221;&#8221; text_font_size_phone=&#8221;16px&#8221; text_font_size_last_edited=&#8221;on|phone&#8221; header_font_size_tablet=&#8221;40px&#8221; header_font_size_phone=&#8221;30px&#8221; header_font_size_last_edited=&#8221;on|desktop&#8221;]<\/p>\n<h1>Legal Notice<\/h1>\n<p>Updated on 11\/02\/2020<\/p>\n<p>[\/et_pb_text][\/et_pb_column][\/et_pb_row][\/et_pb_section][et_pb_section fb_built=&#8221;1&#8243; _builder_version=&#8221;4.6.6&#8243; _module_preset=&#8221;default&#8221; custom_padding=&#8221;0px||0px|||&#8221;][et_pb_row _builder_version=&#8221;4.6.6&#8243; _module_preset=&#8221;default&#8221; custom_padding=&#8221;0px|||||&#8221;][et_pb_column type=&#8221;4_4&#8243; _builder_version=&#8221;4.6.6&#8243; _module_preset=&#8221;default&#8221;][et_pb_text _builder_version=&#8221;4.6.6&#8243; _module_preset=&#8221;default&#8221; header_2_font=&#8221;|700|||||||&#8221; header_2_text_color=&#8221;#d4b483&#8243; header_2_font_size=&#8221;16px&#8221; header_2_line_height=&#8221;3em&#8221; custom_padding=&#8221;|||0px||&#8221;]<\/p>\n<h2><strong><span style=\"color: #16133e;\"><span style=\"color: #3a75c4; font-size: x-large;\">Pr\u00e9sentation of the website<\/span><br \/><\/span><\/strong><\/h2>\n<p>Under article 6 of law n\u00b02004-575 of June21, 2004 on confidence in digital economy, users of the earthtalentbybollore.com site are informed of the identity of the various stakeholders in the context of its implementation and its follow-up:<\/p>\n<h2><strong><span style=\"color: #16133e;\">Owner \/ Publisher<\/span><br \/><\/strong><\/h2>\n<p>Bollor\u00e9 SE, a societas Europaea (<em>soci\u00e9t\u00e9 europ\u00e9enne<\/em>) under French law with share capital of 471,393,419.84 euros and registered offices at Odet \u2013 29500 Ergu\u00e9 Gab\u00e9ric, registered in the Quimper Trade &amp; Companies Register under number 055 804 124, EU VAT number FR 84 055 804 124 (the \u201cPublisher\u201c).<\/p>\n<h2><span style=\"color: #16133e;\">Creator<\/span><\/h2>\n<p><strong><a href=\"http:\/\/www.newlines.fr\" target=\"_blank\" rel=\"noopener\">Newlines <\/a><\/strong>agency<\/p>\n<h2><span style=\"color: #16133e;\">Publication manager<br \/><\/span><\/h2>\n<p>The head of publication for the Website is Ms. Doroth\u00e9e Van Der CRUYSSEN.<\/p>\n<h2><span style=\"color: #16133e;\">Site Hosting<br \/><\/span><\/h2>\n<p>The company hosting the Website is OVH, SAS whose registered office is located at 2 rue Kellermann &#8211; 59100 Roubaix &#8211; France, registered with the Commercial and Company Register of Lille M\u00e9tropole under number 424 761 419.<\/p>\n<p>&nbsp;<\/p>\n<p>&nbsp;<\/p>\n<p>For information about the Website\u2019s terms of use or any unsuitable content, you may contact us using the website\u2019s contact form or by sending an email to the following address: <strong><a href=\"mailto:mecenat@bollore.com\">mecenat@bollore.com<\/a><\/strong> or by regular mail to the following address :<\/p>\n<p><strong>Bollor\u00e9 S.E.<\/strong><br \/>Direction de l&#8217;Engagement Solidaire et M\u00e9c\u00e9nat<br \/>31\/32 quai de Dion Bouton <br \/>92811 Puteaux Cedex <br \/>France<\/p>\n<p>&nbsp;<\/p>\n<p>&nbsp;<\/p>\n<p>[\/et_pb_text][\/et_pb_column][\/et_pb_row][\/et_pb_section]<\/p>\n","protected":false},"excerpt":{"rendered":"<p>Earthtalent by Bollor\u00e9, learn more about Legal Notice.<\/p>\n","protected":false},"author":1,"featured_media":0,"parent":0,"menu_order":0,"comment_status":"closed","ping_status":"closed","template":"","meta":{"_acf_changed":false,"_et_pb_use_builder":"on","_et_pb_old_content":"","_et_gb_content_width":"","footnotes":""},"class_list":["post-4024","page","type-page","status-publish","hentry"],"acf":[],"_links":{"self":[{"href":"https:\/\/earthtalentbybollore.com\/en\/wp-json\/wp\/v2\/pages\/4024","targetHints":{"allow":["GET"]}}],"collection":[{"href":"https:\/\/earthtalentbybollore.com\/en\/wp-json\/wp\/v2\/pages"}],"about":[{"href":"https:\/\/earthtalentbybollore.com\/en\/wp-json\/wp\/v2\/types\/page"}],"author":[{"embeddable":true,"href":"https:\/\/earthtalentbybollore.com\/en\/wp-json\/wp\/v2\/users\/1"}],"replies":[{"embeddable":true,"href":"https:\/\/earthtalentbybollore.com\/en\/wp-json\/wp\/v2\/comments?post=4024"}],"version-history":[{"count":0,"href":"https:\/\/earthtalentbybollore.com\/en\/wp-json\/wp\/v2\/pages\/4024\/revisions"}],"wp:attachment":[{"href":"https:\/\/earthtalentbybollore.com\/en\/wp-json\/wp\/v2\/media?parent=4024"}],"curies":[{"name":"wp","href":"https:\/\/api.w.org\/{rel}","templated":true}]}}